{"id":147,"date":"2021-07-22T02:28:08","date_gmt":"2021-07-22T02:28:08","guid":{"rendered":"https:\/\/refico.com.vn\/?page_id=147"},"modified":"2024-01-23T04:14:52","modified_gmt":"2024-01-23T04:14:52","slug":"our-partners","status":"publish","type":"page","link":"https:\/\/refico.com.vn\/vi\/our-partners\/","title":{"rendered":"\u0110\u1ed1i t\u00e1c"},"content":{"rendered":"<p>Ch\u00fang t\u00f4i lu\u00f4n t\u1ef1 h\u00e0o v\u00e0 tr\u00e2n tr\u1ecdng c\u00e1c m\u1ed1i quan h\u1ec7 \u0111\u1ed1i t\u00e1c b\u1ec1n v\u1eefng \u0111\u01b0\u1ee3c x\u00e2y d\u1ef1ng v\u00e0 nu\u00f4i d\u01b0\u1ee1ng t\u1eeb c\u00e1c gi\u00e1 tr\u1ecb v\u00e0 t\u1ea7m nh\u00ecn chung. Ch\u00fang t\u00f4i xem nh\u1eefng m\u1ed1i quan h\u1ec7 \u0111\u1ed1i t\u00e1c n\u00e0y l\u00e0 t\u00e0i s\u1ea3n l\u1edbn nh\u1ea5t cho s\u1ef1 ph\u00e1t tri\u1ec3n \u1edf th\u1eddi \u0111i\u1ec3m hi\u1ec7n t\u1ea1i v\u00e0 th\u00e0nh c\u00f4ng trong t\u01b0\u01a1ng lai.<\/p>","protected":false},"excerpt":{"rendered":"<p>Ch\u00fang t\u00f4i lu\u00f4n t\u1ef1 h\u00e0o v\u00e0 tr\u00e2n tr\u1ecdng c\u00e1c m\u1ed1i quan h\u1ec7 \u0111\u1ed1i t\u00e1c b\u1ec1n v\u1eefng \u0111\u01b0\u1ee3c x\u00e2y d\u1ef1ng v\u00e0 nu\u00f4i d\u01b0\u1ee1ng t\u1eeb c\u00e1c gi\u00e1 tr\u1ecb v\u00e0 t\u1ea7m nh\u00ecn chung. Ch\u00fang t\u00f4i xem nh\u1eefng m\u1ed1i quan h\u1ec7 \u0111\u1ed1i t\u00e1c n\u00e0y l\u00e0 t\u00e0i s\u1ea3n l\u1edbn nh\u1ea5t cho s\u1ef1 ph\u00e1t tri\u1ec3n \u1edf th\u1eddi \u0111i\u1ec3m hi\u1ec7n t\u1ea1i v\u00e0 [&hellip;]<\/p>\n","protected":false},"author":1,"featured_media":0,"parent":0,"menu_order":0,"comment_status":"closed","ping_status":"closed","template":"","meta":{"footnotes":""},"class_list":["post-147","page","type-page","status-publish","hentry"],"_links":{"self":[{"href":"https:\/\/refico.com.vn\/vi\/wp-json\/wp\/v2\/pages\/147","targetHints":{"allow":["GET"]}}],"collection":[{"href":"https:\/\/refico.com.vn\/vi\/wp-json\/wp\/v2\/pages"}],"about":[{"href":"https:\/\/refico.com.vn\/vi\/wp-json\/wp\/v2\/types\/page"}],"author":[{"embeddable":true,"href":"https:\/\/refico.com.vn\/vi\/wp-json\/wp\/v2\/users\/1"}],"replies":[{"embeddable":true,"href":"https:\/\/refico.com.vn\/vi\/wp-json\/wp\/v2\/comments?post=147"}],"version-history":[{"count":12,"href":"https:\/\/refico.com.vn\/vi\/wp-json\/wp\/v2\/pages\/147\/revisions"}],"predecessor-version":[{"id":2475,"href":"https:\/\/refico.com.vn\/vi\/wp-json\/wp\/v2\/pages\/147\/revisions\/2475"}],"wp:attachment":[{"href":"https:\/\/refico.com.vn\/vi\/wp-json\/wp\/v2\/media?parent=147"}],"curies":[{"name":"wp","href":"https:\/\/api.w.org\/{rel}","templated":true}]}}