{"id":99,"date":"2021-07-20T03:09:58","date_gmt":"2021-07-20T03:09:58","guid":{"rendered":"https:\/\/refico.com.vn\/?page_id=99"},"modified":"2024-03-21T04:56:53","modified_gmt":"2024-03-21T04:56:53","slug":"about-us","status":"publish","type":"page","link":"https:\/\/refico.com.vn\/vi\/about-us\/","title":{"rendered":"V\u1ec1 Ch\u00fang t\u00f4i"},"content":{"rendered":"<p>L\u00e0 nh\u00e0 ph\u00e1t tri\u1ec3n b\u1ea5t \u0111\u1ed9ng s\u1ea3n, ch\u00fang t\u00f4i h\u01b0\u1edbng m\u1ee5c ti\u00eau \u0111\u1ebfn vi\u1ec7c ki\u1ebfn t\u1ea1o v\u00e0 mang l\u1ea1i gi\u00e1 tr\u1ecb cho ng\u01b0\u1eddi mua, kh\u00e1ch thu\u00ea, c\u0169ng nh\u01b0 khu v\u1ef1c l\u00e2n c\u1eadn. Ch\u00fang t\u00f4i vi\u1ebft l\u1ea1i h\u1ec7 th\u1ed1ng quy t\u1eafc \u0111\u00e3 \u0111\u1eb7t ra v\u00e0 thi\u1ebft l\u1eadp nh\u1eefng chu\u1ea9n m\u1ef1c m\u1edbi nh\u1eb1m g\u00f3p ph\u1ea7n gi\u00fap Vi\u1ec7t Nam ti\u1ebfn xa h\u01a1n tr\u00ean th\u01b0\u01a1ng tr\u01b0\u1eddng th\u1ebf gi\u1edbi.<\/p>","protected":false},"excerpt":{"rendered":"<p>L\u00e0 nh\u00e0 ph\u00e1t tri\u1ec3n b\u1ea5t \u0111\u1ed9ng s\u1ea3n, ch\u00fang t\u00f4i h\u01b0\u1edbng m\u1ee5c ti\u00eau \u0111\u1ebfn vi\u1ec7c ki\u1ebfn t\u1ea1o v\u00e0 mang l\u1ea1i gi\u00e1 tr\u1ecb cho ng\u01b0\u1eddi mua, kh\u00e1ch thu\u00ea, c\u0169ng nh\u01b0 khu v\u1ef1c l\u00e2n c\u1eadn. Ch\u00fang t\u00f4i vi\u1ebft l\u1ea1i h\u1ec7 th\u1ed1ng quy t\u1eafc \u0111\u00e3 \u0111\u1eb7t ra v\u00e0 thi\u1ebft l\u1eadp nh\u1eefng chu\u1ea9n m\u1ef1c m\u1edbi nh\u1eb1m g\u00f3p ph\u1ea7n gi\u00fap Vi\u1ec7t [&hellip;]<\/p>\n","protected":false},"author":1,"featured_media":0,"parent":0,"menu_order":0,"comment_status":"closed","ping_status":"closed","template":"","meta":{"footnotes":""},"class_list":["post-99","page","type-page","status-publish","hentry"],"_links":{"self":[{"href":"https:\/\/refico.com.vn\/vi\/wp-json\/wp\/v2\/pages\/99","targetHints":{"allow":["GET"]}}],"collection":[{"href":"https:\/\/refico.com.vn\/vi\/wp-json\/wp\/v2\/pages"}],"about":[{"href":"https:\/\/refico.com.vn\/vi\/wp-json\/wp\/v2\/types\/page"}],"author":[{"embeddable":true,"href":"https:\/\/refico.com.vn\/vi\/wp-json\/wp\/v2\/users\/1"}],"replies":[{"embeddable":true,"href":"https:\/\/refico.com.vn\/vi\/wp-json\/wp\/v2\/comments?post=99"}],"version-history":[{"count":22,"href":"https:\/\/refico.com.vn\/vi\/wp-json\/wp\/v2\/pages\/99\/revisions"}],"predecessor-version":[{"id":2501,"href":"https:\/\/refico.com.vn\/vi\/wp-json\/wp\/v2\/pages\/99\/revisions\/2501"}],"wp:attachment":[{"href":"https:\/\/refico.com.vn\/vi\/wp-json\/wp\/v2\/media?parent=99"}],"curies":[{"name":"wp","href":"https:\/\/api.w.org\/{rel}","templated":true}]}}